{"id":902,"date":"2021-03-28T14:19:30","date_gmt":"2021-03-28T14:19:30","guid":{"rendered":"https:\/\/omexer.com\/tf\/wp\/omexo\/?page_id=902"},"modified":"2025-10-10T16:05:38","modified_gmt":"2025-10-10T16:05:38","slug":"become-an-instructor","status":"publish","type":"page","link":"https:\/\/mividasas.com\/en\/become-an-instructor\/","title":{"rendered":"Become an instructor"},"content":{"rendered":"<div data-elementor-type=\"wp-page\" data-elementor-id=\"902\" class=\"elementor elementor-902\" data-elementor-post-type=\"page\">\n\t\t\t\t\t\t<section class=\"elementor-section elementor-top-section elementor-element elementor-element-88ea37b elementor-section-boxed elementor-section-height-default elementor-section-height-default\" data-id=\"88ea37b\" data-element_type=\"section\">\n\t\t\t\t\t\t<div class=\"elementor-container elementor-column-gap-default\">\n\t\t\t\t\t<div class=\"elementor-column elementor-col-100 elementor-top-column elementor-element elementor-element-c341508\" data-id=\"c341508\" data-element_type=\"column\">\n\t\t\t<div class=\"elementor-widget-wrap elementor-element-populated\">\n\t\t\t\t\t\t<section class=\"elementor-section elementor-inner-section elementor-element elementor-element-198de0a elementor-section-boxed elementor-section-height-default elementor-section-height-default\" data-id=\"198de0a\" data-element_type=\"section\">\n\t\t\t\t\t\t<div class=\"elementor-container elementor-column-gap-default\">\n\t\t\t\t\t<div class=\"elementor-column elementor-col-100 elementor-inner-column elementor-element elementor-element-94e37e9\" data-id=\"94e37e9\" data-element_type=\"column\">\n\t\t\t<div class=\"elementor-widget-wrap elementor-element-populated\">\n\t\t\t\t\t\t<div class=\"elementor-element elementor-element-ae1d9c4 elementor-widget elementor-widget-heading\" data-id=\"ae1d9c4\" data-element_type=\"widget\" data-widget_type=\"heading.default\">\n\t\t\t\t<div class=\"elementor-widget-container\">\n\t\t\t\t\t<span class=\"elementor-heading-title elementor-size-default\">Start teaching<\/span>\t\t\t\t<\/div>\n\t\t\t\t<\/div>\n\t\t\t\t<div class=\"elementor-element elementor-element-6a07c8a elementor-widget elementor-widget-heading\" data-id=\"6a07c8a\" data-element_type=\"widget\" data-widget_type=\"heading.default\">\n\t\t\t\t<div class=\"elementor-widget-container\">\n\t\t\t\t\t<h2 class=\"elementor-heading-title elementor-size-default\">Follow these simple steps<\/h2>\t\t\t\t<\/div>\n\t\t\t\t<\/div>\n\t\t\t\t\t<\/div>\n\t\t<\/div>\n\t\t\t\t\t<\/div>\n\t\t<\/section>\n\t\t\t\t<section class=\"elementor-section elementor-inner-section elementor-element elementor-element-c606000 elementor-section-full_width elementor-section-height-default elementor-section-height-default\" data-id=\"c606000\" data-element_type=\"section\">\n\t\t\t\t\t\t<div class=\"elementor-container elementor-column-gap-default\">\n\t\t\t\t\t<div class=\"elementor-column elementor-col-33 elementor-inner-column elementor-element elementor-element-9b1bfa6\" data-id=\"9b1bfa6\" data-element_type=\"column\">\n\t\t\t<div class=\"elementor-widget-wrap elementor-element-populated\">\n\t\t\t\t\t\t<div class=\"elementor-element elementor-element-64b3cd7 elementor-widget elementor-widget-omexer-step-flow\" data-id=\"64b3cd7\" data-element_type=\"widget\" data-widget_type=\"omexer-step-flow.default\">\n\t\t\t\t<div class=\"elementor-widget-container\">\n\t\t\t\t\t        <div class=\"step-flow\">\r\n            <div class=\"stepflow-wrap\">\r\n                <div class=\"steps-icon\">\r\n                                            <div class=\"step-arrow\"><\/div>\r\n                    \r\n                                            <span><i aria-hidden=\"true\" class=\"icon icon-team-1\"><\/i><\/span>\r\n                    \r\n                                            <span class=\"steps-label\">Step 1<\/span>\r\n                                    <\/div>\r\n\r\n                <h2 class=\"steps-title\">Join our community<\/h2>\r\n                                    <p class=\"step-description\">Join our community and grow with people who share your passion for wellness and personal development. Let's learn together!<\/p>\r\n                            <\/div>\r\n        <\/div>\r\n        \t\t\t\t<\/div>\n\t\t\t\t<\/div>\n\t\t\t\t\t<\/div>\n\t\t<\/div>\n\t\t\t\t<div class=\"elementor-column elementor-col-33 elementor-inner-column elementor-element elementor-element-38737b1\" data-id=\"38737b1\" data-element_type=\"column\">\n\t\t\t<div class=\"elementor-widget-wrap elementor-element-populated\">\n\t\t\t\t\t\t<div class=\"elementor-element elementor-element-41095d3 elementor-widget elementor-widget-omexer-step-flow\" data-id=\"41095d3\" data-element_type=\"widget\" data-widget_type=\"omexer-step-flow.default\">\n\t\t\t\t<div class=\"elementor-widget-container\">\n\t\t\t\t\t        <div class=\"step-flow\">\r\n            <div class=\"stepflow-wrap\">\r\n                <div class=\"steps-icon\">\r\n                                            <div class=\"step-arrow\"><\/div>\r\n                    \r\n                                            <span><i aria-hidden=\"true\" class=\"icon icon-teach1\"><\/i><\/span>\r\n                    \r\n                                            <span class=\"steps-label\">Step 2<\/span>\r\n                                    <\/div>\r\n\r\n                <h2 class=\"steps-title\">Start teaching<\/h2>\r\n                                    <p class=\"step-description\">Start teaching and share your knowledge with the world. Inspire, guide and transform lives through learning - join today!<\/p>\r\n                            <\/div>\r\n        <\/div>\r\n        \t\t\t\t<\/div>\n\t\t\t\t<\/div>\n\t\t\t\t\t<\/div>\n\t\t<\/div>\n\t\t\t\t<div class=\"elementor-column elementor-col-33 elementor-inner-column elementor-element elementor-element-7b6ef87\" data-id=\"7b6ef87\" data-element_type=\"column\">\n\t\t\t<div class=\"elementor-widget-wrap elementor-element-populated\">\n\t\t\t\t\t\t<div class=\"elementor-element elementor-element-044ded6 elementor-widget elementor-widget-omexer-step-flow\" data-id=\"044ded6\" data-element_type=\"widget\" data-widget_type=\"omexer-step-flow.default\">\n\t\t\t\t<div class=\"elementor-widget-container\">\n\t\t\t\t\t        <div class=\"step-flow\">\r\n            <div class=\"stepflow-wrap\">\r\n                <div class=\"steps-icon\">\r\n                    \r\n                                            <span><i aria-hidden=\"true\" class=\"icon icon-idea1\"><\/i><\/span>\r\n                    \r\n                                            <span class=\"steps-label\">Step 3<\/span>\r\n                                    <\/div>\r\n\r\n                <h2 class=\"steps-title\">Helping people<\/h2>\r\n                                    <p class=\"step-description\">Help people grow and transform their lives with your knowledge and experience. Inspire change!<\/p>\r\n                            <\/div>\r\n        <\/div>\r\n        \t\t\t\t<\/div>\n\t\t\t\t<\/div>\n\t\t\t\t\t<\/div>\n\t\t<\/div>\n\t\t\t\t\t<\/div>\n\t\t<\/section>\n\t\t\t\t\t<\/div>\n\t\t<\/div>\n\t\t\t\t\t<\/div>\n\t\t<\/section>\n\t\t\t\t<section class=\"elementor-section elementor-top-section elementor-element elementor-element-17d6e3e elementor-section-boxed elementor-section-height-default elementor-section-height-default\" data-id=\"17d6e3e\" data-element_type=\"section\" data-settings=\"{&quot;background_background&quot;:&quot;classic&quot;}\">\n\t\t\t\t\t\t<div class=\"elementor-container elementor-column-gap-default\">\n\t\t\t\t\t<div class=\"elementor-column elementor-col-25 elementor-top-column elementor-element elementor-element-0960777\" data-id=\"0960777\" data-element_type=\"column\">\n\t\t\t<div class=\"elementor-widget-wrap elementor-element-populated\">\n\t\t\t\t\t\t<div class=\"elementor-element elementor-element-3119614 elementor-widget elementor-widget-counter\" data-id=\"3119614\" data-element_type=\"widget\" data-widget_type=\"counter.default\">\n\t\t\t\t<div class=\"elementor-widget-container\">\n\t\t\t\t\t\t\t<div class=\"elementor-counter\">\n\t\t\t<div class=\"elementor-counter-title\">Enrolled students <\/div>\t\t\t<div class=\"elementor-counter-number-wrapper\">\n\t\t\t\t<span class=\"elementor-counter-number-prefix\"><\/span>\n\t\t\t\t<span class=\"elementor-counter-number\" data-duration=\"2000\" data-to-value=\"150\" data-from-value=\"0\" data-delimiter=\",\">0<\/span>\n\t\t\t\t<span class=\"elementor-counter-number-suffix\">+<\/span>\n\t\t\t<\/div>\n\t\t<\/div>\n\t\t\t\t\t\t<\/div>\n\t\t\t\t<\/div>\n\t\t\t\t\t<\/div>\n\t\t<\/div>\n\t\t\t\t<div class=\"elementor-column elementor-col-25 elementor-top-column elementor-element elementor-element-570ade7\" data-id=\"570ade7\" data-element_type=\"column\">\n\t\t\t<div class=\"elementor-widget-wrap elementor-element-populated\">\n\t\t\t\t\t\t<div class=\"elementor-element elementor-element-b5639ae elementor-widget elementor-widget-counter\" data-id=\"b5639ae\" data-element_type=\"widget\" data-widget_type=\"counter.default\">\n\t\t\t\t<div class=\"elementor-widget-container\">\n\t\t\t\t\t\t\t<div class=\"elementor-counter\">\n\t\t\t<div class=\"elementor-counter-title\">Online Courses<\/div>\t\t\t<div class=\"elementor-counter-number-wrapper\">\n\t\t\t\t<span class=\"elementor-counter-number-prefix\"><\/span>\n\t\t\t\t<span class=\"elementor-counter-number\" data-duration=\"2000\" data-to-value=\"20\" data-from-value=\"0\" data-delimiter=\",\">0<\/span>\n\t\t\t\t<span class=\"elementor-counter-number-suffix\">+<\/span>\n\t\t\t<\/div>\n\t\t<\/div>\n\t\t\t\t\t\t<\/div>\n\t\t\t\t<\/div>\n\t\t\t\t\t<\/div>\n\t\t<\/div>\n\t\t\t\t<div class=\"elementor-column elementor-col-25 elementor-top-column elementor-element elementor-element-5631c7e\" data-id=\"5631c7e\" data-element_type=\"column\">\n\t\t\t<div class=\"elementor-widget-wrap elementor-element-populated\">\n\t\t\t\t\t\t<div class=\"elementor-element elementor-element-f2e6b00 elementor-widget elementor-widget-counter\" data-id=\"f2e6b00\" data-element_type=\"widget\" data-widget_type=\"counter.default\">\n\t\t\t\t<div class=\"elementor-widget-container\">\n\t\t\t\t\t\t\t<div class=\"elementor-counter\">\n\t\t\t<div class=\"elementor-counter-title\">Instructors <\/div>\t\t\t<div class=\"elementor-counter-number-wrapper\">\n\t\t\t\t<span class=\"elementor-counter-number-prefix\"><\/span>\n\t\t\t\t<span class=\"elementor-counter-number\" data-duration=\"2000\" data-to-value=\"20\" data-from-value=\"0\" data-delimiter=\",\">0<\/span>\n\t\t\t\t<span class=\"elementor-counter-number-suffix\">+<\/span>\n\t\t\t<\/div>\n\t\t<\/div>\n\t\t\t\t\t\t<\/div>\n\t\t\t\t<\/div>\n\t\t\t\t\t<\/div>\n\t\t<\/div>\n\t\t\t\t<div class=\"elementor-column elementor-col-25 elementor-top-column elementor-element elementor-element-15d9dee\" data-id=\"15d9dee\" data-element_type=\"column\">\n\t\t\t<div class=\"elementor-widget-wrap elementor-element-populated\">\n\t\t\t\t\t\t<div class=\"elementor-element elementor-element-96862b4 elementor-widget elementor-widget-counter\" data-id=\"96862b4\" data-element_type=\"widget\" data-widget_type=\"counter.default\">\n\t\t\t\t<div class=\"elementor-widget-container\">\n\t\t\t\t\t\t\t<div class=\"elementor-counter\">\n\t\t\t<div class=\"elementor-counter-title\">Countries<\/div>\t\t\t<div class=\"elementor-counter-number-wrapper\">\n\t\t\t\t<span class=\"elementor-counter-number-prefix\"><\/span>\n\t\t\t\t<span class=\"elementor-counter-number\" data-duration=\"2000\" data-to-value=\"30\" data-from-value=\"0\" data-delimiter=\",\">0<\/span>\n\t\t\t\t<span class=\"elementor-counter-number-suffix\">+<\/span>\n\t\t\t<\/div>\n\t\t<\/div>\n\t\t\t\t\t\t<\/div>\n\t\t\t\t<\/div>\n\t\t\t\t\t<\/div>\n\t\t<\/div>\n\t\t\t\t\t<\/div>\n\t\t<\/section>\n\t\t\t\t<section class=\"elementor-section elementor-top-section elementor-element elementor-element-6397051 elementor-section-boxed elementor-section-height-default elementor-section-height-default\" data-id=\"6397051\" data-element_type=\"section\" data-settings=\"{&quot;background_background&quot;:&quot;classic&quot;}\">\n\t\t\t\t\t\t<div class=\"elementor-container elementor-column-gap-default\">\n\t\t\t\t\t<div class=\"elementor-column elementor-col-100 elementor-top-column elementor-element elementor-element-69bb324\" data-id=\"69bb324\" data-element_type=\"column\">\n\t\t\t<div class=\"elementor-widget-wrap elementor-element-populated\">\n\t\t\t\t\t\t<section class=\"elementor-section elementor-inner-section elementor-element elementor-element-45e8d29 elementor-section-boxed elementor-section-height-default elementor-section-height-default\" data-id=\"45e8d29\" data-element_type=\"section\">\n\t\t\t\t\t\t<div class=\"elementor-container elementor-column-gap-default\">\n\t\t\t\t\t<div class=\"elementor-column elementor-col-100 elementor-inner-column elementor-element elementor-element-06ab5a5\" data-id=\"06ab5a5\" data-element_type=\"column\">\n\t\t\t<div class=\"elementor-widget-wrap elementor-element-populated\">\n\t\t\t\t\t\t<div class=\"elementor-element elementor-element-2a8d94d elementor-widget elementor-widget-heading\" data-id=\"2a8d94d\" data-element_type=\"widget\" data-widget_type=\"heading.default\">\n\t\t\t\t<div class=\"elementor-widget-container\">\n\t\t\t\t\t<span class=\"elementor-heading-title elementor-size-default\">Frequently Asked Questions<\/span>\t\t\t\t<\/div>\n\t\t\t\t<\/div>\n\t\t\t\t<div class=\"elementor-element elementor-element-5a5a1ce elementor-widget elementor-widget-heading\" data-id=\"5a5a1ce\" data-element_type=\"widget\" data-widget_type=\"heading.default\">\n\t\t\t\t<div class=\"elementor-widget-container\">\n\t\t\t\t\t<h2 class=\"elementor-heading-title elementor-size-default\">These are the most frequently asked questions:<\/h2>\t\t\t\t<\/div>\n\t\t\t\t<\/div>\n\t\t\t\t\t<\/div>\n\t\t<\/div>\n\t\t\t\t\t<\/div>\n\t\t<\/section>\n\t\t\t\t<section class=\"elementor-section elementor-inner-section elementor-element elementor-element-623ac60 elementor-section-full_width elementor-section-height-default elementor-section-height-default\" data-id=\"623ac60\" data-element_type=\"section\">\n\t\t\t\t\t\t<div class=\"elementor-container elementor-column-gap-extended\">\n\t\t\t\t\t<div class=\"elementor-column elementor-col-50 elementor-inner-column elementor-element elementor-element-29afefd\" data-id=\"29afefd\" data-element_type=\"column\">\n\t\t\t<div class=\"elementor-widget-wrap elementor-element-populated\">\n\t\t\t\t\t\t<div class=\"elementor-element elementor-element-d6e759b elementor-widget elementor-widget-omexer-accordian\" data-id=\"d6e759b\" data-element_type=\"widget\" data-widget_type=\"omexer-accordian.default\">\n\t\t\t\t<div class=\"elementor-widget-container\">\n\t\t\t\t\t        <div class=\"accordian-wrap\">\r\n            <ul class=\"accordion-list\" id=\"69e9feacbb6a4\">\r\n                                                        <!--Block-->\r\n                    <li class=\"accordion-single\">\r\n                        <div class=\"accordion-title\">\r\n\t\t\t\t\t\t\t1. How can I register as an instructor on the platform?\t\t\t\t\t\t<\/div>\r\n                        <div class=\"accordion-content\">\r\n                            <div class=\"content\">\r\n                                <div class=\"text\">You can do this from the home page by selecting the option \"Register as an Instructor\". You must complete the form with your personal information, email and a brief description of your professional profile. Once submitted, the Mi Vida S.A.S. team will review your application and notify you by email when it is approved.<\/div>\r\n                            <\/div>\r\n                        <\/div>\r\n                    <\/li>\r\n                                                        <!--Block-->\r\n                    <li class=\"accordion-single\">\r\n                        <div class=\"accordion-title\">\r\n\t\t\t\t\t\t\tHow long does it take for my instructor account to be approved?\t\t\t\t\t\t<\/div>\r\n                        <div class=\"accordion-content\">\r\n                            <div class=\"content\">\r\n                                <div class=\"text\">The review process may take between 24 and 48 business hours, depending on the verification of the information and the quality of the submitted profile.<\/div>\r\n                            <\/div>\r\n                        <\/div>\r\n                    <\/li>\r\n                                                        <!--Block-->\r\n                    <li class=\"accordion-single\">\r\n                        <div class=\"accordion-title\">\r\n\t\t\t\t\t\t\t3. Can I create my own courses once I am approved?\t\t\t\t\t\t<\/div>\r\n                        <div class=\"accordion-content\">\r\n                            <div class=\"content\">\r\n                                <div class=\"text\">Yes, once your account is active, you will be able to access your instructor dashboard where you can create, edit and publish courses directly using the Tutor LMS PRO tools.<\/div>\r\n                            <\/div>\r\n                        <\/div>\r\n                    <\/li>\r\n                                                        <!--Block-->\r\n                    <li class=\"accordion-single\">\r\n                        <div class=\"accordion-title\">\r\n\t\t\t\t\t\t\tWhat information do I need to create a course?\t\t\t\t\t\t<\/div>\r\n                        <div class=\"accordion-content\">\r\n                            <div class=\"content\">\r\n                                <div class=\"text\">You must include the course title, a detailed description, featured image, structured curriculum (topics and lessons), level of difficulty, duration and, if applicable, the price of the course.<\/div>\r\n                            <\/div>\r\n                        <\/div>\r\n                    <\/li>\r\n                            <\/ul>\r\n        <\/div>\r\n    \t\t\t\t<\/div>\n\t\t\t\t<\/div>\n\t\t\t\t\t<\/div>\n\t\t<\/div>\n\t\t\t\t<div class=\"elementor-column elementor-col-50 elementor-inner-column elementor-element elementor-element-8b577fe\" data-id=\"8b577fe\" data-element_type=\"column\">\n\t\t\t<div class=\"elementor-widget-wrap elementor-element-populated\">\n\t\t\t\t\t\t<div class=\"elementor-element elementor-element-be71cb7 elementor-widget elementor-widget-omexer-accordian\" data-id=\"be71cb7\" data-element_type=\"widget\" data-widget_type=\"omexer-accordian.default\">\n\t\t\t\t<div class=\"elementor-widget-container\">\n\t\t\t\t\t        <div class=\"accordian-wrap\">\r\n            <ul class=\"accordion-list\" id=\"69e9feacbb961\">\r\n                                                        <!--Block-->\r\n                    <li class=\"accordion-single\">\r\n                        <div class=\"accordion-title\">\r\n\t\t\t\t\t\t\tCan I include additional materials such as videos or documents?\t\t\t\t\t\t<\/div>\r\n                        <div class=\"accordion-content\">\r\n                            <div class=\"content\">\r\n                                <div class=\"text\">Yes, you can upload videos, PDFs, external links, slides, audios and supplementary readings to enrich your students' learning.<\/div>\r\n                            <\/div>\r\n                        <\/div>\r\n                    <\/li>\r\n                                                        <!--Block-->\r\n                    <li class=\"accordion-single\">\r\n                        <div class=\"accordion-title\">\r\n\t\t\t\t\t\t\t6. Who reviews the courses before they are published?\t\t\t\t\t\t<\/div>\r\n                        <div class=\"accordion-content\">\r\n                            <div class=\"content\">\r\n                                <div class=\"text\">Each course is reviewed by the academic team of Mi Vida S.A.S., which verifies the quality of the content, the pedagogical structure and the coherence with the values and guidelines of the project.<\/div>\r\n                            <\/div>\r\n                        <\/div>\r\n                    <\/li>\r\n                                                        <!--Block-->\r\n                    <li class=\"accordion-single\">\r\n                        <div class=\"accordion-title\">\r\n\t\t\t\t\t\t\t7. Can I update my courses after publishing them?\t\t\t\t\t\t<\/div>\r\n                        <div class=\"accordion-content\">\r\n                            <div class=\"content\">\r\n                                <div class=\"text\">Yes, you can edit or update your course content at any time. This includes adding new lessons, modifying texts or updating materials.<\/div>\r\n                            <\/div>\r\n                        <\/div>\r\n                    <\/li>\r\n                                                        <!--Block-->\r\n                    <li class=\"accordion-single\">\r\n                        <div class=\"accordion-title\">\r\n\t\t\t\t\t\t\tWho can I contact if I need help or have technical problems?\t\t\t\t\t\t<\/div>\r\n                        <div class=\"accordion-content\">\r\n                            <div class=\"content\">\r\n                                <div class=\"text\">You can write to us at soporte@mividasas.com\n or use the contact form available on the platform. Our team will provide you with technical and academic support throughout the process.<\/div>\r\n                            <\/div>\r\n                        <\/div>\r\n                    <\/li>\r\n                            <\/ul>\r\n        <\/div>\r\n    \t\t\t\t<\/div>\n\t\t\t\t<\/div>\n\t\t\t\t\t<\/div>\n\t\t<\/div>\n\t\t\t\t\t<\/div>\n\t\t<\/section>\n\t\t\t\t\t<\/div>\n\t\t<\/div>\n\t\t\t\t\t<\/div>\n\t\t<\/section>\n\t\t\t\t<section class=\"elementor-section elementor-top-section elementor-element elementor-element-ee33567 elementor-section-boxed elementor-section-height-default elementor-section-height-default\" data-id=\"ee33567\" data-element_type=\"section\" data-settings=\"{&quot;background_background&quot;:&quot;classic&quot;}\">\n\t\t\t\t\t\t<div class=\"elementor-container elementor-column-gap-default\">\n\t\t\t\t\t<div class=\"elementor-column elementor-col-100 elementor-top-column elementor-element elementor-element-5df8131\" data-id=\"5df8131\" data-element_type=\"column\">\n\t\t\t<div class=\"elementor-widget-wrap elementor-element-populated\">\n\t\t\t\t\t\t<div class=\"elementor-element elementor-element-ed3a359 elementor-position-top elementor-widget elementor-widget-image-box\" data-id=\"ed3a359\" data-element_type=\"widget\" data-widget_type=\"image-box.default\">\n\t\t\t\t<div class=\"elementor-widget-container\">\n\t\t\t\t\t<div class=\"elementor-image-box-wrapper\"><figure class=\"elementor-image-box-img\"><img fetchpriority=\"high\" decoding=\"async\" width=\"1400\" height=\"715\" src=\"https:\/\/mividasas.com\/wp-content\/uploads\/2025\/02\/img-lg-3.webp\" class=\"attachment-full size-full wp-image-6652\" alt=\"\" srcset=\"https:\/\/mividasas.com\/wp-content\/uploads\/2025\/02\/img-lg-3.webp 1400w, https:\/\/mividasas.com\/wp-content\/uploads\/2025\/02\/img-lg-3-300x153.webp 300w, https:\/\/mividasas.com\/wp-content\/uploads\/2025\/02\/img-lg-3-1024x523.webp 1024w, https:\/\/mividasas.com\/wp-content\/uploads\/2025\/02\/img-lg-3-768x392.webp 768w, https:\/\/mividasas.com\/wp-content\/uploads\/2025\/02\/img-lg-3-600x306.webp 600w, https:\/\/mividasas.com\/wp-content\/uploads\/2025\/02\/img-lg-3-98x50.webp 98w\" sizes=\"(max-width: 1400px) 100vw, 1400px\" \/><\/figure><div class=\"elementor-image-box-content\"><h3 class=\"elementor-image-box-title\">Join our team and become an instructor today.<\/h3><\/div><\/div>\t\t\t\t<\/div>\n\t\t\t\t<\/div>\n\t\t\t\t<div class=\"elementor-element elementor-element-d414f6a elementor-align-center elementor-widget elementor-widget-button\" data-id=\"d414f6a\" data-element_type=\"widget\" data-widget_type=\"button.default\">\n\t\t\t\t<div class=\"elementor-widget-container\">\n\t\t\t\t\t\t\t\t\t<div class=\"elementor-button-wrapper\">\n\t\t\t\t\t<a class=\"elementor-button elementor-button-link elementor-size-sm\" href=\"\/en\/main\/instructor-registration\/\">\n\t\t\t\t\t\t<span class=\"elementor-button-content-wrapper\">\n\t\t\t\t\t\t\t\t\t<span class=\"elementor-button-text\">Start teaching today<\/span>\n\t\t\t\t\t<\/span>\n\t\t\t\t\t<\/a>\n\t\t\t\t<\/div>\n\t\t\t\t\t\t\t\t<\/div>\n\t\t\t\t<\/div>\n\t\t\t\t\t<\/div>\n\t\t<\/div>\n\t\t\t\t\t<\/div>\n\t\t<\/section>\n\t\t\t\t<\/div>","protected":false},"excerpt":{"rendered":"<p>Empezar a ense\u00f1ar Siga estos sencillos pasos Step 1 \u00danete a nuestra comunidad \u00danete a nuestra comunidad y crece junto a personas que comparten tu pasi\u00f3n por el bienestar y el desarrollo personal. \u00a1Aprendamos juntos! Step 2 Comienza a ense\u00f1ar Comienza a ense\u00f1ar y comparte tu conocimiento con el mundo. Inspira, gu\u00eda y transforma vidas [&hellip;]<\/p>","protected":false},"author":1,"featured_media":0,"parent":0,"menu_order":0,"comment_status":"closed","ping_status":"closed","template":"elementor_header_footer","meta":{"footnotes":""},"class_list":["post-902","page","type-page","status-publish","hentry"],"_links":{"self":[{"href":"https:\/\/mividasas.com\/en\/wp-json\/wp\/v2\/pages\/902","targetHints":{"allow":["GET"]}}],"collection":[{"href":"https:\/\/mividasas.com\/en\/wp-json\/wp\/v2\/pages"}],"about":[{"href":"https:\/\/mividasas.com\/en\/wp-json\/wp\/v2\/types\/page"}],"author":[{"embeddable":true,"href":"https:\/\/mividasas.com\/en\/wp-json\/wp\/v2\/users\/1"}],"replies":[{"embeddable":true,"href":"https:\/\/mividasas.com\/en\/wp-json\/wp\/v2\/comments?post=902"}],"version-history":[{"count":9,"href":"https:\/\/mividasas.com\/en\/wp-json\/wp\/v2\/pages\/902\/revisions"}],"predecessor-version":[{"id":7000,"href":"https:\/\/mividasas.com\/en\/wp-json\/wp\/v2\/pages\/902\/revisions\/7000"}],"wp:attachment":[{"href":"https:\/\/mividasas.com\/en\/wp-json\/wp\/v2\/media?parent=902"}],"curies":[{"name":"wp","href":"https:\/\/api.w.org\/{rel}","templated":true}]}}